{"id":3,"date":"2022-04-13T14:39:38","date_gmt":"2022-04-13T12:39:38","guid":{"rendered":"https:\/\/www.bomeca.fr\/?page_id=3"},"modified":"2022-05-06T09:44:27","modified_gmt":"2022-05-06T07:44:27","slug":"politique-de-confidentialite","status":"publish","type":"page","link":"https:\/\/www.bomeca.fr\/en\/politique-de-confidentialite\/","title":{"rendered":"Politique de confidentialit\u00e9"},"content":{"rendered":"<div data-elementor-type=\"wp-page\" data-elementor-id=\"3\" class=\"elementor elementor-3\" data-elementor-post-type=\"page\">\n\t\t\t\t\t\t<section class=\"elementor-section elementor-top-section elementor-element elementor-element-4c285675 elementor-section-boxed elementor-section-height-default elementor-section-height-default\" data-id=\"4c285675\" data-element_type=\"section\" data-e-type=\"section\" data-settings=\"{&quot;background_background&quot;:&quot;classic&quot;}\">\n\t\t\t\t\t\t<div class=\"elementor-container elementor-column-gap-default\">\n\t\t\t\t\t<div class=\"elementor-column elementor-col-100 elementor-top-column elementor-element elementor-element-37784eab\" data-id=\"37784eab\" data-element_type=\"column\" data-e-type=\"column\">\n\t\t\t<div class=\"elementor-widget-wrap elementor-element-populated\">\n\t\t\t\t\t\t<div class=\"elementor-element elementor-element-3db87ce elementor-widget-divider--view-line_text elementor-widget-divider--element-align-center elementor-widget elementor-widget-divider\" data-id=\"3db87ce\" data-element_type=\"widget\" data-e-type=\"widget\" data-widget_type=\"divider.default\">\n\t\t\t\t<div class=\"elementor-widget-container\">\n\t\t\t\t\t\t\t<div class=\"elementor-divider\">\n\t\t\t<span class=\"elementor-divider-separator\">\n\t\t\t\t\t\t\t<h1 class=\"elementor-divider__text elementor-divider__element\">\n\t\t\t\tPolitique de confidentialit\u00e9\t\t\t\t<\/h1>\n\t\t\t\t\t\t<\/span>\n\t\t<\/div>\n\t\t\t\t\t\t<\/div>\n\t\t\t\t<\/div>\n\t\t\t\t<div class=\"elementor-element elementor-element-5b1ff3b6 elementor-widget elementor-widget-text-editor\" data-id=\"5b1ff3b6\" data-element_type=\"widget\" data-e-type=\"widget\" data-widget_type=\"text-editor.default\">\n\t\t\t\t<div class=\"elementor-widget-container\">\n\t\t\t\t\t\t\t\t\t\n<h3 class=\"wp-block-heading\">Qui sommes-nous\u00a0?<\/h3>\n\n<p>The address of our site is: https:\/\/www.bomeca.fr.<\/p>\n\n<h3 class=\"wp-block-heading\">Comments<\/h3>\n\n<p>When you leave a comment on our site, the data entered in the comment form, as well as your IP address and the user agent of your browser are collected to help us detect unwanted comments.<\/p>\n\n<p>Une cha\u00eene anonymis\u00e9e cr\u00e9\u00e9e \u00e0 partir de votre adresse e-mail (\u00e9galement appel\u00e9e hash) peut \u00eatre envoy\u00e9e au service Gravatar pour v\u00e9rifier si vous utilisez ce dernier. Les clauses de confidentialit\u00e9 du service Gravatar sont disponibles ici\u00a0: https:\/\/automattic.com\/privacy\/. Apr\u00e8s validation de votre commentaire, votre photo de profil sera visible publiquement \u00e0 cot\u00e9 de votre commentaire.<\/p>\n\n<h3 class=\"wp-block-heading\">Medias<\/h3>\n\n<p>If you upload images to the site, we advise you to avoid uploading images containing EXIF \u200b\u200bdata of GPS coordinates. People visiting your site can download and extract location data from these images.<\/p>\n\n<h3 class=\"wp-block-heading\">Cookies<\/h3>\n\n<p>If you leave a comment on our site, you will be offered to save your name, e-mail address and site in cookies. This is only for your convenience so that you do not have to enter this information if you leave another comment later. These cookies expire after one year.<\/p>\n\n<p>If you go to the login page, a temporary cookie will be created to determine if your browser accepts cookies. It does not contain any personal data and will be deleted automatically when you close your browser.<\/p>\n\n<p>Lorsque vous vous connecterez, nous mettrons en place un certain nombre de cookies pour enregistrer vos informations de connexion et vos pr\u00e9f\u00e9rences d\u2019\u00e9cran. La dur\u00e9e de vie d\u2019un cookie de connexion est de deux jours, celle d\u2019un cookie d\u2019option d\u2019\u00e9cran est d\u2019un an. Si vous cochez \u00ab\u00a0Se souvenir de moi\u00a0\u00bb, votre cookie de connexion sera conserv\u00e9 pendant deux semaines. Si vous vous d\u00e9connectez de votre compte, le cookie de connexion sera effac\u00e9.<\/p>\n\n<p>By editing or publishing a post, an additional cookie will be saved in your browser. This cookie does not include any personal data. It just shows the ID of the post you just edited. It expires after one day.<\/p>\n\n<h3 class=\"wp-block-heading\">Embedded content from other sites<\/h3>\n\n<p>Articles on this site may include embedded content (e.g. videos, images, articles, etc.). Content embedded from other sites behaves the same as if the visitor were to that other site.<\/p>\n\n<p>These websites could collect data about you, use cookies, embed third-party tracking tools, track your interactions with this embedded content if you have an account connected to their website.<\/p>\n\n<h3 class=\"wp-block-heading\">Use and transmission of your personal data<\/h3>\n\n<p>If you request a password reset, your IP address will be included in the reset email.<\/p>\n\n<p>Storage times for your data<\/p>\n\n<p>If you leave a comment, the comment and its metadata are retained indefinitely. This automatically recognizes and approves subsequent comments instead of leaving them in the moderation queue.<\/p>\n\n<p>For accounts that register on our site (if applicable), we also store the personal data listed in their profile. All accounts can see, modify or delete their personal information at any time (except their identifier). Site managers can also view and edit this information.<\/p>\n\n<h3 class=\"wp-block-heading\">The rights you have over your data<\/h3>\n\n<p>If you have an account or if you have left comments on the site, you can request to receive a file containing all the personal data that we have about you, including those that you have provided to us. You can also request the deletion of personal data concerning you. This does not take into account data stored for administrative, legal or security reasons.<\/p>\n\n<h3 class=\"wp-block-heading\">Transmission of your personal data<\/h3>\n\n<p>Visitor comments may be checked through an automated spam detection service.<\/p>\n\t\t\t\t\t\t\t\t<\/div>\n\t\t\t\t<\/div>\n\t\t\t\t\t<\/div>\n\t\t<\/div>\n\t\t\t\t\t<\/div>\n\t\t<\/section>\n\t\t\t\t<\/div>","protected":false},"excerpt":{"rendered":"<p>Qui sommes-nous\u00a0? L\u2019adresse de notre site est\u00a0: https:\/\/www.bomeca.fr. Commentaires Quand vous laissez un commentaire sur notre site, les donn\u00e9es inscrites dans le formulaire de commentaire, ainsi que votre adresse IP et l\u2019agent utilisateur de votre navigateur sont collect\u00e9s pour nous aider \u00e0 la d\u00e9tection des commentaires ind\u00e9sirables. Une cha\u00eene anonymis\u00e9e cr\u00e9\u00e9e \u00e0 partir de votre [&hellip;]<\/p>\n","protected":false},"author":1,"featured_media":0,"parent":0,"menu_order":0,"comment_status":"closed","ping_status":"open","template":"","meta":{"_acf_changed":false,"_monsterinsights_skip_tracking":false,"_monsterinsights_sitenote_active":false,"_monsterinsights_sitenote_note":"","_monsterinsights_sitenote_category":0,"footnotes":""},"class_list":["post-3","page","type-page","status-publish","hentry"],"acf":[],"_links":{"self":[{"href":"https:\/\/www.bomeca.fr\/en\/wp-json\/wp\/v2\/pages\/3","targetHints":{"allow":["GET"]}}],"collection":[{"href":"https:\/\/www.bomeca.fr\/en\/wp-json\/wp\/v2\/pages"}],"about":[{"href":"https:\/\/www.bomeca.fr\/en\/wp-json\/wp\/v2\/types\/page"}],"author":[{"embeddable":true,"href":"https:\/\/www.bomeca.fr\/en\/wp-json\/wp\/v2\/users\/1"}],"replies":[{"embeddable":true,"href":"https:\/\/www.bomeca.fr\/en\/wp-json\/wp\/v2\/comments?post=3"}],"version-history":[{"count":15,"href":"https:\/\/www.bomeca.fr\/en\/wp-json\/wp\/v2\/pages\/3\/revisions"}],"predecessor-version":[{"id":14196,"href":"https:\/\/www.bomeca.fr\/en\/wp-json\/wp\/v2\/pages\/3\/revisions\/14196"}],"wp:attachment":[{"href":"https:\/\/www.bomeca.fr\/en\/wp-json\/wp\/v2\/media?parent=3"}],"curies":[{"name":"wp","href":"https:\/\/api.w.org\/{rel}","templated":true}]}}